{"id":273,"date":"2020-11-02T09:06:20","date_gmt":"2020-11-02T08:06:20","guid":{"rendered":"http:\/\/fj2h.fr\/wordpress\/?page_id=273"},"modified":"2020-11-06T11:59:50","modified_gmt":"2020-11-06T10:59:50","slug":"les-pieces-du-puzzle","status":"publish","type":"page","link":"https:\/\/fj2h.fr\/wordpress\/les-pieces-du-puzzle\/","title":{"rendered":"Les pi\u00e8ces du puzzle"},"content":{"rendered":"\n<p>Pi\u00e8ces du Puzzle&nbsp;: Et si tout avait \u00e9t\u00e9 pr\u00e9m\u00e9dit\u00e9 ?<\/p>\n\n\n\n<p>Connaissez vous l\u2019histoire du petit poucet ?&nbsp;<\/p>\n\n\n\n<p>Il savait qu\u2019on allait l\u2019emmener dans la for\u00eat et qu\u2019il y serait perdu\u2026Alors il a sem\u00e9 des cailloux pour retrouver son chemin le moment venu.<\/p>\n\n\n\n<p>Il est temps aujourd\u2019hui d\u2019aller ramasser les cailloux et de suivre la piste pour ReTrouver votre Chemin.&nbsp;<\/p>\n\n\n\n<p><strong>Programme&nbsp;:<\/strong><\/p>\n\n\n\n<p>Apr\u00e8s \u00eatre sorti du syst\u00e8me matriciel, vous serez connect\u00e9 \u00e0 la plus grande partie de vous-m\u00eame.&nbsp; Elle vous a laiss\u00e9 des indices. Je vous propose d\u2019en \u00eatre la traductrice \u00e0 travers un workshop \u00e9tonnant.<\/p>\n\n\n\n<p>V\u00e9ritable outil de compr\u00e9hension et de reconnexion \u00e0 soi, l\u2019Atelier \u00ab&nbsp;les pi\u00e8ces du Puzzle&nbsp;\u00bb donne la clef du chemin de notre existence : ce que nous vivons, la fa\u00e7on dont nous le vivons et la richesse int\u00e9rieure que nous sommes appel\u00e9s \u00e0 vivre.&nbsp;<\/p>\n\n\n\n<p>Nous parlerons la langue des oiseaux, la num\u00e9rologie karmique et les mettrons en corr\u00e9lation avec le syst\u00e8me matriciel afin de r\u00e9v\u00e9ler vos cl\u00e9s personnelles bas\u00e9es sur la connaissance de ces m\u00e9thodes.<\/p>\n\n\n\n<p>L\u2019interpr\u00e9tation et l\u2019imbrication des pi\u00e8ces du puzzle ouvrent un univers unique, riche de sens, vous verrez !<\/p>\n\n\n\n<p>Nous venons au monde tous diff\u00e9rents les uns des autres. Nous avons tous un talent unique \u00e0 exprimer et r\u00e9aliser.&nbsp;<\/p>\n\n\n\n<p>D\u00e9couvrez que votre Destin n\u2019est autre que ce qui vous est destin\u00e9. Rien \u00e0 chercher, il suffit de recevoir.<\/p>\n\n\n\n<figure class=\"wp-block-image\"><img loading=\"lazy\" decoding=\"async\" width=\"1024\" height=\"410\" src=\"https:\/\/fj2h.fr\/wordpress\/wp-content\/uploads\/2020\/11\/Jigsaw-Puzzle-1024x410.jpg\" alt=\"\" class=\"wp-image-274\" srcset=\"https:\/\/fj2h.fr\/wordpress\/wp-content\/uploads\/2020\/11\/Jigsaw-Puzzle-1024x410.jpg 1024w, https:\/\/fj2h.fr\/wordpress\/wp-content\/uploads\/2020\/11\/Jigsaw-Puzzle-300x120.jpg 300w, https:\/\/fj2h.fr\/wordpress\/wp-content\/uploads\/2020\/11\/Jigsaw-Puzzle-768x307.jpg 768w, https:\/\/fj2h.fr\/wordpress\/wp-content\/uploads\/2020\/11\/Jigsaw-Puzzle.jpg 1200w\" sizes=\"auto, (max-width: 767px) 89vw, (max-width: 1000px) 54vw, (max-width: 1071px) 543px, 580px\" \/><\/figure>\n","protected":false},"excerpt":{"rendered":"<p>Pi\u00e8ces du Puzzle&nbsp;: Et si tout avait \u00e9t\u00e9 pr\u00e9m\u00e9dit\u00e9 ? Connaissez vous l\u2019histoire du petit poucet ?&nbsp; Il savait qu\u2019on allait l\u2019emmener dans la for\u00eat et qu\u2019il y serait perdu\u2026Alors il a sem\u00e9 des cailloux pour retrouver son chemin le moment venu. Il est temps aujourd\u2019hui d\u2019aller ramasser les cailloux et de suivre la piste &hellip; <\/p>\n<p class=\"link-more\"><a href=\"https:\/\/fj2h.fr\/wordpress\/les-pieces-du-puzzle\/\" class=\"more-link\">Continuer la lecture<span class=\"screen-reader-text\"> de &laquo;&nbsp;Les pi\u00e8ces du puzzle&nbsp;&raquo;<\/span><\/a><\/p>\n","protected":false},"author":1,"featured_media":0,"parent":0,"menu_order":0,"comment_status":"closed","ping_status":"closed","template":"","meta":{"footnotes":""},"class_list":["post-273","page","type-page","status-publish","hentry"],"_links":{"self":[{"href":"https:\/\/fj2h.fr\/wordpress\/wp-json\/wp\/v2\/pages\/273","targetHints":{"allow":["GET"]}}],"collection":[{"href":"https:\/\/fj2h.fr\/wordpress\/wp-json\/wp\/v2\/pages"}],"about":[{"href":"https:\/\/fj2h.fr\/wordpress\/wp-json\/wp\/v2\/types\/page"}],"author":[{"embeddable":true,"href":"https:\/\/fj2h.fr\/wordpress\/wp-json\/wp\/v2\/users\/1"}],"replies":[{"embeddable":true,"href":"https:\/\/fj2h.fr\/wordpress\/wp-json\/wp\/v2\/comments?post=273"}],"version-history":[{"count":2,"href":"https:\/\/fj2h.fr\/wordpress\/wp-json\/wp\/v2\/pages\/273\/revisions"}],"predecessor-version":[{"id":277,"href":"https:\/\/fj2h.fr\/wordpress\/wp-json\/wp\/v2\/pages\/273\/revisions\/277"}],"wp:attachment":[{"href":"https:\/\/fj2h.fr\/wordpress\/wp-json\/wp\/v2\/media?parent=273"}],"curies":[{"name":"wp","href":"https:\/\/api.w.org\/{rel}","templated":true}]}}