{"id":304,"date":"2022-02-01T17:41:07","date_gmt":"2022-02-01T16:41:07","guid":{"rendered":"http:\/\/fj2h.fr\/wordpress\/?page_id=304"},"modified":"2026-03-19T14:20:27","modified_gmt":"2026-03-19T13:20:27","slug":"programme-inside-artistes-porteurs-de-projet","status":"publish","type":"page","link":"https:\/\/fj2h.fr\/wordpress\/programme-inside-artistes-porteurs-de-projet\/","title":{"rendered":"Programme Inside &#8211; Artistes, Porteurs de projet"},"content":{"rendered":"\r\n\r\n\r\n<h2><strong>OBJECTIF PEDAGOGIQUE\u00a0 :<\/strong><\/h2>\r\n<div class=\"wp-block-image\">\r\n<figure class=\"aligncenter size-large\">\r\n<p>Public cible : Artistes &amp; Porteurs de Projet<\/p>\r\n<p>Objectif g\u00e9n\u00e9ral : Accompagner les artistes et porteurs de projets dans une mont\u00e9e en comp\u00e9tences pour clarifier, affiner et affirmer leur positionnement professionnel.<\/p>\r\n<p>M\u00e9thodes p\u00e9dagogiques :<\/p>\r\n<p><strong>Ressources traditionnelles<\/strong> : Apports th\u00e9oriques\u00a0 permettant de d\u00e9finir un mod\u00e8le marketing, analyses, \u00e9changes, exercices. <strong>Outils subtils<\/strong> :\u00a0 Apport de connaissances de votre nature profonde, votre chemin d&rsquo;incarnation, votre signature vibratoire, exploration cr\u00e9ative, MindMap r\u00e9sonnances<\/p>\r\n<\/figure>\r\n<\/div>\r\n\r\n\r\n\r\n\r\n\r\n<h2 class=\"wp-block-heading\"><strong>DUREE DE L&rsquo;ACCOMPAGNEMENT<\/strong><\/h2>\r\n<ul>\r\n<li>Dur\u00e9e totale : 35 heures sur 5 mois.<\/li>\r\n<li>Face-\u00e0-face avec le consultant : 14 heures<\/li>\r\n<li>Accompagnement personnalis\u00e9 : Chaque participant b\u00e9n\u00e9ficie d&rsquo;un suivi pas \u00e0 pas, enti\u00e8rement adapt\u00e9 \u00e0 son projet et \u00e0 son parcours.<\/li>\r\n<\/ul>\r\n<h2><strong>PROGRAMME DETAILLE<\/strong><\/h2>\r\n\r\n\r\n","protected":false},"excerpt":{"rendered":"<p>OBJECTIF PEDAGOGIQUE\u00a0 : Public cible : Artistes &amp; Porteurs de Projet Objectif g\u00e9n\u00e9ral : Accompagner les artistes et porteurs de projets dans une mont\u00e9e en comp\u00e9tences pour clarifier, affiner et affirmer leur positionnement professionnel. M\u00e9thodes p\u00e9dagogiques : Ressources traditionnelles : Apports th\u00e9oriques\u00a0 permettant de d\u00e9finir un mod\u00e8le marketing, analyses, \u00e9changes, exercices. Outils subtils :\u00a0 Apport &hellip; <\/p>\n<p class=\"link-more\"><a href=\"https:\/\/fj2h.fr\/wordpress\/programme-inside-artistes-porteurs-de-projet\/\" class=\"more-link\">Continuer la lecture<span class=\"screen-reader-text\"> de &laquo;&nbsp;Programme Inside &#8211; Artistes, Porteurs de projet&nbsp;&raquo;<\/span><\/a><\/p>\n","protected":false},"author":1,"featured_media":0,"parent":0,"menu_order":0,"comment_status":"closed","ping_status":"closed","template":"","meta":{"footnotes":""},"class_list":["post-304","page","type-page","status-publish","hentry"],"_links":{"self":[{"href":"https:\/\/fj2h.fr\/wordpress\/wp-json\/wp\/v2\/pages\/304","targetHints":{"allow":["GET"]}}],"collection":[{"href":"https:\/\/fj2h.fr\/wordpress\/wp-json\/wp\/v2\/pages"}],"about":[{"href":"https:\/\/fj2h.fr\/wordpress\/wp-json\/wp\/v2\/types\/page"}],"author":[{"embeddable":true,"href":"https:\/\/fj2h.fr\/wordpress\/wp-json\/wp\/v2\/users\/1"}],"replies":[{"embeddable":true,"href":"https:\/\/fj2h.fr\/wordpress\/wp-json\/wp\/v2\/comments?post=304"}],"version-history":[{"count":13,"href":"https:\/\/fj2h.fr\/wordpress\/wp-json\/wp\/v2\/pages\/304\/revisions"}],"predecessor-version":[{"id":496,"href":"https:\/\/fj2h.fr\/wordpress\/wp-json\/wp\/v2\/pages\/304\/revisions\/496"}],"wp:attachment":[{"href":"https:\/\/fj2h.fr\/wordpress\/wp-json\/wp\/v2\/media?parent=304"}],"curies":[{"name":"wp","href":"https:\/\/api.w.org\/{rel}","templated":true}]}}