{"id":451,"date":"2025-04-06T16:55:48","date_gmt":"2025-04-06T14:55:48","guid":{"rendered":"https:\/\/fj2h.fr\/wordpress\/?page_id=451"},"modified":"2025-05-01T10:56:35","modified_gmt":"2025-05-01T08:56:35","slug":"programme-chemin-vers-la-stabilite","status":"publish","type":"page","link":"https:\/\/fj2h.fr\/wordpress\/programme-chemin-vers-la-stabilite\/","title":{"rendered":"Programme Chemin vers la Stabilit\u00e9"},"content":{"rendered":"<h2>Quand tout semble flou \u00e0 l\u2019int\u00e9rieur, la premi\u00e8re \u00e9tape\u2026 c\u2019est de poser une structure<\/h2>\n<p>Vous vous sentez perdu\u00b7e, bloqu\u00e9\u00b7e, frein\u00e9\u00b7e par des peurs ou des sch\u00e9mas qui se r\u00e9p\u00e8tent ? Vous avez peut-\u00eatre envie de changer, de vous sentir mieux, de vous retrouver\u2026 mais ne savez pas par o\u00f9 commencer.<\/p>\n<p>C\u2019est normal. Et vous n\u2019\u00eates pas seul\u00b7e.<\/p>\n<p>Ce que l\u2019on oublie souvent, c\u2019est qu\u2019avant toute transformation, il est essentiel de poser un cadre clair et rassurant. Une structure, au sens profond du terme : des rep\u00e8res int\u00e9rieurs sains, stables, d\u00e9parasit\u00e9s de toute information dissonante. Et parfois d\u2019activer des param\u00e8tres rest\u00e9s \u00ab endormis \u00bb<\/p>\n<h3>\ud83d\udd38 Pourquoi c\u2019est important ?<\/h3>\n<p>Parce que lorsqu\u2019on est mal dans sa peau, l\u2019int\u00e9rieur est d\u00e9j\u00e0 en d\u00e9sordre. Vouloir tout changer sans poser de base, c\u2019est comme vouloir construire une maison sur du sable. On s\u2019\u00e9puise, on doute, on se d\u00e9stabilise et on fragilise une structure d\u00e9j\u00e0 \u00e9puis\u00e9e.<\/p>\n<h3>\ud83d\udd38 Ce que nous faisons ensemble :<\/h3>\n<p>Je vous aide \u00e0 poser les fondations, \u00e0 cr\u00e9er en vous un environnement qui soutient votre s\u00e9curit\u00e9. Cela passe par un accompagnement concret o\u00f9 je vous explique ce qui s\u2019est mis en place pour que cela fasse sens pour vous. Cela continue par un accompagnement profond\u00e9ment humain o\u00f9 nous allons travailler sur plusieurs s\u00e9ances en hypnose, les m\u00e9moires cellulaires dissonantes, avec clart\u00e9 et bienveillance.<\/p>\n<h3>\ud83d\udd38 Et apr\u00e8s ?<\/h3>\n<p>Une fois que vous vous sentez stable, un travail d\u2019expansion devient possible. Vos ressources int\u00e9rieures \u00e9mergent naturellement, vos blocages se d\u00e9font, et la confiance revient, petit \u00e0 petit.<\/p>\n<p>\ud83d\udc49 <em>Ce n\u2019est pas de motivation dont vous manquez. C\u2019est de stabilit\u00e9.<\/em><br \/>\nEt la bonne nouvelle, c\u2019est que \u00e7a se construit.<\/p>\n<p>Ici, vous n\u2019\u00eates pas un num\u00e9ro.<\/p>\n<p>Je cherche \u00e0 construire avec vous. R\u00e9ellement. Honn\u00eatement.<\/p>\n<p>\ud83d\udd39 Parce que chaque personne est unique.<\/p>\n<p>\ud83d\udd39 Parce que votre histoire m\u00e9rite mieux qu\u2019un copier-coller de m\u00e9thodes toute faites.<\/p>\n<p>\ud83d\udd39 Parce que ce dont vous avez besoin avant tout, c\u2019est d\u2019\u00e9coute, de pr\u00e9sence, d\u2019alignement, de m\u00e9thodes adapt\u00e9es \u00e0 vos besoins.<\/p>\n<p>Ici, on ne \u00ab\u00a0transmet\u00a0\u00bb pas une m\u00e9thode fig\u00e9e. On cr\u00e9e une dynamique vivante, adapt\u00e9e \u00e0 qui vous \u00eates, et \u00e0 ce que vous vivez.<\/p>\n<p>&nbsp;<\/p>\n<hr \/>\n<h2>Ce que je propose, c\u2019est une co-construction.<\/h2>\n<p>Un espace o\u00f9 l\u2019on prend le temps de comprendre, de ressentir, de b\u00e2tir quelque chose de solide. Pas \u00e0 pas. Chaque accompagnement que je propose est adapt\u00e9 \u00e0 la personne en face de moi.<\/p>\n<p>&nbsp;<\/p>\n<hr \/>\n<h2>Concr\u00e8tement, mon accompagnement c\u2019est :<\/h2>\n<p>\u2705 Une relation de confiance, humaine, sinc\u00e8re<\/p>\n<p>\u2705 Des outils puissants que nous allons utiliser ensemble pour votre transformation<\/p>\n<p>\u2705 Du temps pour int\u00e9grer, se poser, observer, comprendre<\/p>\n<p>\u2705 Des \u00e9changes r\u00e9guliers et personnalis\u00e9s<\/p>\n<p>&nbsp;<\/p>\n<hr \/>\n<h2>Ce que vous gagnez :<\/h2>\n<p>\u2728 Une stabilit\u00e9 int\u00e9rieure<\/p>\n<p>\u2728 Une vision claire sur ce qui vous freine et comment avancer<\/p>\n<p>\u2728 Des rep\u00e8res solides pour construire (et non plus subir)<\/p>\n<p>\u2728 Une transformation profonde, \u00e0 votre rythme<\/p>\n<p>&nbsp;<\/p>\n<hr \/>\n<h2>D\u00e9roul\u00e9 de l\u2019accompagnement :<\/h2>\n<p>\u2728 Une s\u00e9ance pour comprendre ce qui s\u2019est mis en place et vous donner de l\u2019information.<\/p>\n<p>\u2728 Une s\u00e9ance sur l\u2019identit\u00e9 pour reconstruire une structure saine.<\/p>\n<p>\u2728 Debrief des changements survenus. Ensuite deux options : en fonction de votre parcours de vie, votre structure a besoin d\u2019\u00eatre renforc\u00e9e et\/ou lib\u00e9r\u00e9e.<\/p>\n<p>Nous opterons alors pour les techniques adapt\u00e9es.<em> Exemple : travail sur le f\u00e9minin ou le masculin ou lib\u00e9ration \u00e9motionnelle li\u00e9e \u00e0 un trauma ou deuil de situation ou toute autre technique adapt\u00e9e \u00e0 votre besoin.<\/em><\/p>\n<p>Ce parcours comprend 4 s\u00e9ances avec debriefs r\u00e9guliers (cf <a href=\"https:\/\/fj2h.fr\/wordpress\/tarifs\/\">page tarif<\/a>)<\/p>\n","protected":false},"excerpt":{"rendered":"<p>Quand tout semble flou \u00e0 l\u2019int\u00e9rieur, la premi\u00e8re \u00e9tape\u2026 c\u2019est de poser une structure Vous vous sentez perdu\u00b7e, bloqu\u00e9\u00b7e, frein\u00e9\u00b7e par des peurs ou des sch\u00e9mas qui se r\u00e9p\u00e8tent ? Vous avez peut-\u00eatre envie de changer, de vous sentir mieux, de vous retrouver\u2026 mais ne savez pas par o\u00f9 commencer. C\u2019est normal. Et vous n\u2019\u00eates &hellip; <\/p>\n<p class=\"link-more\"><a href=\"https:\/\/fj2h.fr\/wordpress\/programme-chemin-vers-la-stabilite\/\" class=\"more-link\">Continuer la lecture<span class=\"screen-reader-text\"> de &laquo;&nbsp;Programme Chemin vers la Stabilit\u00e9&nbsp;&raquo;<\/span><\/a><\/p>\n","protected":false},"author":1,"featured_media":0,"parent":0,"menu_order":0,"comment_status":"closed","ping_status":"closed","template":"","meta":{"footnotes":""},"class_list":["post-451","page","type-page","status-publish","hentry"],"_links":{"self":[{"href":"https:\/\/fj2h.fr\/wordpress\/wp-json\/wp\/v2\/pages\/451","targetHints":{"allow":["GET"]}}],"collection":[{"href":"https:\/\/fj2h.fr\/wordpress\/wp-json\/wp\/v2\/pages"}],"about":[{"href":"https:\/\/fj2h.fr\/wordpress\/wp-json\/wp\/v2\/types\/page"}],"author":[{"embeddable":true,"href":"https:\/\/fj2h.fr\/wordpress\/wp-json\/wp\/v2\/users\/1"}],"replies":[{"embeddable":true,"href":"https:\/\/fj2h.fr\/wordpress\/wp-json\/wp\/v2\/comments?post=451"}],"version-history":[{"count":13,"href":"https:\/\/fj2h.fr\/wordpress\/wp-json\/wp\/v2\/pages\/451\/revisions"}],"predecessor-version":[{"id":455,"href":"https:\/\/fj2h.fr\/wordpress\/wp-json\/wp\/v2\/pages\/451\/revisions\/455"}],"wp:attachment":[{"href":"https:\/\/fj2h.fr\/wordpress\/wp-json\/wp\/v2\/media?parent=451"}],"curies":[{"name":"wp","href":"https:\/\/api.w.org\/{rel}","templated":true}]}}