{"id":59,"date":"2019-01-29T01:41:16","date_gmt":"2019-01-29T00:41:16","guid":{"rendered":"http:\/\/fj2h.fr\/wordpress\/?page_id=59"},"modified":"2019-01-29T01:46:50","modified_gmt":"2019-01-29T00:46:50","slug":"quest-ce-que-lhypnose","status":"publish","type":"page","link":"https:\/\/fj2h.fr\/wordpress\/quest-ce-que-lhypnose\/","title":{"rendered":"Qu&rsquo;est-ce que l&rsquo;hypnose ?"},"content":{"rendered":"\n<div class=\"wp-block-image\"><figure class=\"alignleft\"><img loading=\"lazy\" decoding=\"async\" width=\"185\" height=\"241\" src=\"https:\/\/fj2h.fr\/wordpress\/wp-content\/uploads\/2019\/01\/brain.jpg\" alt=\"\" class=\"wp-image-70\"\/><\/figure><\/div>\n\n\n\n<p>L&rsquo;hypnose a \u00e9t\u00e9 pratiqu\u00e9e pendant des si\u00e8cles. Premi\u00e8res traces :&nbsp;il y a d\u00e9j\u00e0 plus de 6000 ans, en M\u00e9sopotamie,&nbsp;o\u00f9 les sum\u00e9riens pratiquaient d\u00e9j\u00e0 l\u2019accompagnement en paroles.<\/p>\n\n\n\n<p>Les origines de l&rsquo;hypnose<\/p>\n\n\n\n<p>Un des premiers, et peut-\u00eatre le plus c\u00e9l\u00e8bre pour \u00e9tudier l&rsquo;exp\u00e9rience hypnotique \u00e9tait&nbsp;<strong>Anton Mesmer<\/strong>. Il a travaill\u00e9 en France&nbsp;<strong>\u00e0 la fin des ann\u00e9es 1700<\/strong>. Il croyait que les transes et leurs effets \u00e9taient caus\u00e9s par le magn\u00e9tisme animal g\u00e9n\u00e9r\u00e9 par l&rsquo;individu induisant la transe.<\/p>\n\n\n\n<p>Mesmer a \u00e9t\u00e9 discr\u00e9dit\u00e9 par 1784 par toutes les grandes soci\u00e9t\u00e9s scientifiques et m\u00e9dicales fran\u00e7aises (y compris une commission dirig\u00e9e par Benjamin Franklin) qui ont trouv\u00e9 aucun fondement \u00e0 sa th\u00e9orie. Mais Mesmer \u00e9tait si populaire dans la soci\u00e9t\u00e9 fran\u00e7aise et ses succ\u00e8s cliniques \u00e9taient si ind\u00e9niables que l&rsquo;effet &#8211; plus tard connu comme l&rsquo;hypnotisme &#8211; a \u00e9t\u00e9 surnomm\u00e9 \u00ab\u00a0mesm\u00e9risme\u00a0\u00bb en son honneur.<\/p>\n\n\n\n<p><strong>\u00c0 la fin des ann\u00e9es 1800<\/strong>, les&nbsp;<strong>m\u00e9decins Charcot et Binet<\/strong>&nbsp;(qui ont influenc\u00e9 Freud) \u00e0 l\u2019h\u00f4pital de la Salp\u00eatri\u00e8re \u00e0 Paris ont \u00e9tudi\u00e9 l&rsquo;hypnose. Ils ont d\u00e9cid\u00e9 qu&rsquo;elle \u00e9tait le r\u00e9sultat d&rsquo;une maladie neurologique, qui provoquait une dissociation chez le sujet .<\/p>\n\n\n\n<p>La partie de la maladie a \u00e9t\u00e9 rejet\u00e9e assez rapidement sur \u200b\u200bla base de l&rsquo;exp\u00e9rience clinique de nombreux autres chercheurs. Cependant, le concept de la dissociation continue d&rsquo;\u00eatre la pierre angulaire de certains mod\u00e8les contemporains de l&rsquo;hypnose .<\/p>\n\n\n\n<p>Le terme \u00ab\u00a0hypnose\u00a0\u00bb a \u00e9t\u00e9 invent\u00e9&nbsp;<strong>en 1843 par James Braid<\/strong>. Notant la somnolence typique de beaucoup de sujets hypnotiques, Braid pensa que l&rsquo;hypnose \u00e9tait un sous-type particulier de sommeil. Il a \u00e9t\u00e9 d\u00e9montr\u00e9 plus tard que les effets de l&rsquo;hypnose ont beaucoup plus \u00e0 voir avec la r\u00e9activit\u00e9 psychologique de la part du sujet plut\u00f4t que de tout pouvoir de l&rsquo;hypnotiseur pour induire le sommeil.<\/p>\n\n\n\n<p><strong>En 1889<\/strong>, se tient \u00e0 Paris (\u00e0 l\u2019H\u00f4tel Dieu) le&nbsp;<strong>1er Congr\u00e8s International de l\u2019Hypnotisme exp\u00e9rimental et th\u00e9rapeutique<\/strong>, avec la participation des plus grands noms de l\u2019\u00e9poque : Li\u00e9bault,&nbsp;<strong>Bernheim<\/strong>, Charcot,&nbsp;<strong>Janet<\/strong>&nbsp;(le p\u00e8re de la Psychologie clinique), Richet,&nbsp;<strong>Freud<\/strong>, Babinski,&nbsp;<strong>William James<\/strong>&nbsp;(p\u00e8re de la Psychologie am\u00e9ricaine),&nbsp;<\/p>\n\n\n\n<p>Aux \u00c9tats-Unis, les travaux de&nbsp;<strong>Milton Hyland Erickson<\/strong>, psychiatre am\u00e9ricain, bouleversent les conceptions de l\u2019Hypnose et de la Th\u00e9rapie br\u00e8ve. Il est consid\u00e9r\u00e9 comme le \u201c&nbsp;p\u00e8re de la Communication moderne&nbsp;\u201c.&nbsp;<strong>L\u2019Hypnose Ericksonienne est n\u00e9e&nbsp;(1937)<\/strong>&nbsp;et va grandir gr\u00e2ce aux \u00e9l\u00e8ves d\u2019Erickson tels de&nbsp;Jay Haley,&nbsp;Jeffrey Zeig&nbsp;ou&nbsp;Ernest Lawrence Rossi. La pratique de Milton Erickson sera \u00e9galement aux&nbsp;<strong>origines de la&nbsp;Programmation Neuro-Linguistique&nbsp;(PNL) de Richard Bandler&nbsp;et&nbsp;John Grinder, dans le milieu des ann\u00e9es&nbsp;1970.<\/strong><\/p>\n\n\n\n<p><strong>En 1979,&nbsp;Daniel L. Araoz<\/strong>, c\u00e9l\u00e8bre sexologue et hypnoth\u00e9rapeute, baptise \u201cNouvelle Hypnose\u201d l\u2019utilisation moderne des techniques d\u2019Erickson, d\u00e9barrass\u00e9es de leurs aspects parfois manipulateurs ou brutaux. Les techniques d\u2019Hypnoth\u00e9rapie deviennent de plus en plus sophistiqu\u00e9es. A la m\u00eame \u00e9poque, des gens comme les docteurs&nbsp;Malarewicz&nbsp;et&nbsp;Godin, et surtout Alain Cayrol&nbsp;importent&nbsp;cette \u201cNouvelle Hypnose\u201d en France.<\/p>\n\n\n\n<p><strong>En 2001,&nbsp;Olivier Lockert<\/strong>, pr\u00e9sident de l\u2019Institut Fran\u00e7ais d\u2019Hypnose Ericksonienne pr\u00e9sente dans le livre \u201cHypnose\u201d l\u2019utilisation des outils de l\u2019Hypnose th\u00e9rapeutique dans un esprit r\u00e9solument&nbsp;<strong><em>humaniste<\/em><\/strong>&nbsp;:une fa\u00e7on totalement nouvelle de pratiquer l\u2019hypnose,&nbsp;<strong>aux structures invers\u00e9es<\/strong>&nbsp;par rapport aux formes pr\u00e9c\u00e9dentes d\u2019Hypnose,&nbsp;<strong>qui permet de soigner les blessures inconscientes par davantage de Conscience<\/strong>. Elle utilise les connaissances jungiennes sur les symboles et les arch\u00e9types, notamment dans la \u201cTh\u00e9rapie Symbolique Avanc\u00e9e\u201d (TSA).<\/p>\n\n\n\n<p><strong>L\u2019Hypnose Humaniste<\/strong>&nbsp;utilise donc l\u2019\u00e9tat hypnotique pour atteindre notre Conscience majuscule et changer \u201cen conscience\u201d. Bas\u00e9e sur une philosophie globale de vie et la compr\u00e9hension des croyances qui g\u00e9n\u00e8rent notre perception de la vie, l\u2019Hypnose Humaniste a aussi pour but d\u2019aider la personne \u00e0 retrouver l\u2019Unit\u00e9, tant au niveau personnel que humain.<\/p>\n","protected":false},"excerpt":{"rendered":"<p>L&rsquo;hypnose a \u00e9t\u00e9 pratiqu\u00e9e pendant des si\u00e8cles. Premi\u00e8res traces :&nbsp;il y a d\u00e9j\u00e0 plus de 6000 ans, en M\u00e9sopotamie,&nbsp;o\u00f9 les sum\u00e9riens pratiquaient d\u00e9j\u00e0 l\u2019accompagnement en paroles. Les origines de l&rsquo;hypnose Un des premiers, et peut-\u00eatre le plus c\u00e9l\u00e8bre pour \u00e9tudier l&rsquo;exp\u00e9rience hypnotique \u00e9tait&nbsp;Anton Mesmer. Il a travaill\u00e9 en France&nbsp;\u00e0 la fin des ann\u00e9es 1700. Il &hellip; <\/p>\n<p class=\"link-more\"><a href=\"https:\/\/fj2h.fr\/wordpress\/quest-ce-que-lhypnose\/\" class=\"more-link\">Continuer la lecture<span class=\"screen-reader-text\"> de &laquo;&nbsp;Qu&rsquo;est-ce que l&rsquo;hypnose ?&nbsp;&raquo;<\/span><\/a><\/p>\n","protected":false},"author":1,"featured_media":0,"parent":0,"menu_order":0,"comment_status":"closed","ping_status":"closed","template":"","meta":{"footnotes":""},"class_list":["post-59","page","type-page","status-publish","hentry"],"_links":{"self":[{"href":"https:\/\/fj2h.fr\/wordpress\/wp-json\/wp\/v2\/pages\/59","targetHints":{"allow":["GET"]}}],"collection":[{"href":"https:\/\/fj2h.fr\/wordpress\/wp-json\/wp\/v2\/pages"}],"about":[{"href":"https:\/\/fj2h.fr\/wordpress\/wp-json\/wp\/v2\/types\/page"}],"author":[{"embeddable":true,"href":"https:\/\/fj2h.fr\/wordpress\/wp-json\/wp\/v2\/users\/1"}],"replies":[{"embeddable":true,"href":"https:\/\/fj2h.fr\/wordpress\/wp-json\/wp\/v2\/comments?post=59"}],"version-history":[{"count":2,"href":"https:\/\/fj2h.fr\/wordpress\/wp-json\/wp\/v2\/pages\/59\/revisions"}],"predecessor-version":[{"id":71,"href":"https:\/\/fj2h.fr\/wordpress\/wp-json\/wp\/v2\/pages\/59\/revisions\/71"}],"wp:attachment":[{"href":"https:\/\/fj2h.fr\/wordpress\/wp-json\/wp\/v2\/media?parent=59"}],"curies":[{"name":"wp","href":"https:\/\/api.w.org\/{rel}","templated":true}]}}