{"id":67,"date":"2019-01-29T01:45:45","date_gmt":"2019-01-29T00:45:45","guid":{"rendered":"http:\/\/fj2h.fr\/wordpress\/?page_id=67"},"modified":"2019-01-29T01:45:45","modified_gmt":"2019-01-29T00:45:45","slug":"pourquoi-lhypnose-peut-vous-aider","status":"publish","type":"page","link":"https:\/\/fj2h.fr\/wordpress\/pourquoi-lhypnose-peut-vous-aider\/","title":{"rendered":"Pourquoi l&rsquo;hypnose peut vous aider"},"content":{"rendered":"\n<div class=\"wp-block-image\"><figure class=\"alignleft\"><img loading=\"lazy\" decoding=\"async\" width=\"239\" height=\"159\" src=\"https:\/\/fj2h.fr\/wordpress\/wp-content\/uploads\/2019\/01\/eyeshut.jpg\" alt=\"\" class=\"wp-image-68\"\/><\/figure><\/div>\n\n\n\n<p>L&rsquo;hypnoth\u00e9rapie est \u00e9troitement li\u00e9e \u00e0 la notion de \u00ab\u00a0plasticit\u00e9 synaptique\u00a0\u00bb. C&rsquo;est le terme utilis\u00e9 pour d\u00e9crire la capacit\u00e9 remarquable du cerveau \u00e0 se modifier en r\u00e9ponse \u00e0 l&rsquo;apprentissage, gr\u00e2ce \u00e0 de nouvelles mani\u00e8res d&rsquo;\u00eatre ou exp\u00e9riences.&nbsp;<\/p>\n\n\n\n<p>L&rsquo;hypnoth\u00e9rapie s\u2019est construit sur un nombre croissant de recherches qui d\u00e9montrent la capacit\u00e9 du cerveau \u00e0 se r\u00e9organiser en formant de nouvelles connexions neuronales tout au long de notre vie.<\/p>\n\n\n\n<p>Nous savons maintenant que notre cerveau est modifiable dans notre vie d&rsquo;adulte. Nous savons que nous pouvons continuer \u00e0 cro\u00eetre, changer et \u00e9voluer jusqu&rsquo;\u00e0 la fin de notre vie. Ce sont d&rsquo;excellentes nouvelles, vous ne croyez pas ?<\/p>\n\n\n\n<p>L&rsquo;hypnoth\u00e9rapie est un processus qui permet de nous connecter \u00e0 notre inconscient. Notre inconscient est l&rsquo;atout le plus puissant que nous avons et si nous travaillons avec lui, nous pouvons faire des progr\u00e8s incroyables dans votre vie.<\/p>\n\n\n\n<p>La compr\u00e9hension et l&rsquo;acceptation r\u00e9pandue de l&rsquo;hypnoth\u00e9rapie comme un traitement th\u00e9rapeutique b\u00e9n\u00e9fique est en augmentation. La communaut\u00e9 m\u00e9dicale confirme son efficacit\u00e9 dans une large vari\u00e9t\u00e9 d&rsquo;applications cliniques.<\/p>\n\n\n\n<p>L&rsquo;hypnose est efficace pour une grande vari\u00e9t\u00e9 de probl\u00e8mes, en voici quelques uns&nbsp;:<\/p>\n\n\n\n<ul class=\"wp-block-list\"><li>Les troubles anxieux et le stress.<\/li><li>Les compulsions (boulimie, anorexie, onychophagie etc).<\/li><li>La perte de poids.<\/li><li>Les peurs (de s\u2019exprimer en public, des examens etc) et les phobies (transport, ascenseur, insectes etc).<\/li><li>L\u2019insomnie.<\/li><li>Les migraines r\u00e9p\u00e9titives sans cause m\u00e9dicale av\u00e9r\u00e9e.<\/li><li>Les probl\u00e8mes de m\u00e9moire \u00e0 base psychologique.<\/li><li>Le deuil (d\u2019un \u00eatre cher, d\u2019une situation).<\/li><li>La faible estime de soi ou le manque de confiance en soi, l\u2019accompagnement \u00e9motionnel (col\u00e8re, timidit\u00e9 ou autre trouble \u00e9motionnel, la perte de rep\u00e8res).<\/li><li>Les traumatismes \u00e9motionnels.<\/li><li>Le d\u00e9passement de ses limites (apprentissages).<\/li><li>Les difficult\u00e9s relationnelles, les probl\u00e8mes de couple.<\/li><li>Gestion de la douleur physique dans les maladies chroniques (arthrite, arthrose, scl\u00e9rose etc).<\/li><\/ul>\n\n\n\n<p>L\u2019hypnose peut \u00e9galement faire partie d\u2019un traitement m\u00e9dical pour r\u00e9soudre les probl\u00e8mes sp\u00e9cifiques li\u00e9s \u00e0 la d\u00e9pression<\/p>\n\n\n\n<p>L&rsquo;hypnose n\u2019est pas efficace pour les pathologies suivantes :&nbsp;<br>Probl\u00e8mes d&rsquo;origine neurologique comme les troubles \u00e9pileptiques, la perte de m\u00e9moire d\u00fbe \u00e0 la maladie d&rsquo;Alzheimer, les changements de personnalit\u00e9 dus \u00e0 une l\u00e9sion c\u00e9r\u00e9brale et pour toutes les pathologiques psychotiques.<\/p>\n\n\n\n<p>L&rsquo;hypnose ne peut en aucun cas se substituer \u00e0 un avis m\u00e9dical et ne dispense pas de consulter un professionnel de la sant\u00e9, chaque fois que cela est n\u00e9cessaire. Seul un m\u00e9decin est habilit\u00e9 \u00e0 poser des diagnostics, prescrire ou modifier un traitement m\u00e9dical.<\/p>\n","protected":false},"excerpt":{"rendered":"<p>L&rsquo;hypnoth\u00e9rapie est \u00e9troitement li\u00e9e \u00e0 la notion de \u00ab\u00a0plasticit\u00e9 synaptique\u00a0\u00bb. C&rsquo;est le terme utilis\u00e9 pour d\u00e9crire la capacit\u00e9 remarquable du cerveau \u00e0 se modifier en r\u00e9ponse \u00e0 l&rsquo;apprentissage, gr\u00e2ce \u00e0 de nouvelles mani\u00e8res d&rsquo;\u00eatre ou exp\u00e9riences.&nbsp; L&rsquo;hypnoth\u00e9rapie s\u2019est construit sur un nombre croissant de recherches qui d\u00e9montrent la capacit\u00e9 du cerveau \u00e0 se r\u00e9organiser en &hellip; <\/p>\n<p class=\"link-more\"><a href=\"https:\/\/fj2h.fr\/wordpress\/pourquoi-lhypnose-peut-vous-aider\/\" class=\"more-link\">Continuer la lecture<span class=\"screen-reader-text\"> de &laquo;&nbsp;Pourquoi l&rsquo;hypnose peut vous aider&nbsp;&raquo;<\/span><\/a><\/p>\n","protected":false},"author":1,"featured_media":0,"parent":0,"menu_order":0,"comment_status":"closed","ping_status":"closed","template":"","meta":{"footnotes":""},"class_list":["post-67","page","type-page","status-publish","hentry"],"_links":{"self":[{"href":"https:\/\/fj2h.fr\/wordpress\/wp-json\/wp\/v2\/pages\/67","targetHints":{"allow":["GET"]}}],"collection":[{"href":"https:\/\/fj2h.fr\/wordpress\/wp-json\/wp\/v2\/pages"}],"about":[{"href":"https:\/\/fj2h.fr\/wordpress\/wp-json\/wp\/v2\/types\/page"}],"author":[{"embeddable":true,"href":"https:\/\/fj2h.fr\/wordpress\/wp-json\/wp\/v2\/users\/1"}],"replies":[{"embeddable":true,"href":"https:\/\/fj2h.fr\/wordpress\/wp-json\/wp\/v2\/comments?post=67"}],"version-history":[{"count":1,"href":"https:\/\/fj2h.fr\/wordpress\/wp-json\/wp\/v2\/pages\/67\/revisions"}],"predecessor-version":[{"id":69,"href":"https:\/\/fj2h.fr\/wordpress\/wp-json\/wp\/v2\/pages\/67\/revisions\/69"}],"wp:attachment":[{"href":"https:\/\/fj2h.fr\/wordpress\/wp-json\/wp\/v2\/media?parent=67"}],"curies":[{"name":"wp","href":"https:\/\/api.w.org\/{rel}","templated":true}]}}