{"id":72,"date":"2019-01-29T01:47:54","date_gmt":"2019-01-29T00:47:54","guid":{"rendered":"http:\/\/fj2h.fr\/wordpress\/?page_id=72"},"modified":"2019-03-12T09:51:59","modified_gmt":"2019-03-12T08:51:59","slug":"comment-ca-marche","status":"publish","type":"page","link":"https:\/\/fj2h.fr\/wordpress\/comment-ca-marche\/","title":{"rendered":"Comment \u00e7a marche ?"},"content":{"rendered":"\n<figure class=\"wp-block-image\"><img decoding=\"async\" src=\"blob:http:\/\/fj2h.fr\/0faf8654-51c0-4dfd-907f-854d7e239385\" alt=\"\"\/><\/figure>\n\n\n\n<p><\/p>\n\n\n\n<p>L&rsquo;hypnoth\u00e9rapie puise dans la capacit\u00e9 de l&rsquo;esprit humain \u00e0 changer et grandir gr\u00e2ce \u00e0 l&rsquo;apprentissage. <\/p>\n\n\n\n<p>Au cours de l&rsquo;hypnoth\u00e9rapie vous \u00eates guid\u00e9 vers un \u00e9tat de conscience augment\u00e9e.<\/p>\n\n\n\n<h4 class=\"wp-block-heading\"><strong>Comment \u00e7a se passe ?<\/strong><\/h4>\n\n\n\n<p>Chacun vient \u00e0 l\u2019hypnose avec toutes sortes de questions. Ce que l&rsquo;hypnoth\u00e9rapeute cherche avant tout \u00e0 faire est de comprendre la personne et ses comportements.&nbsp;<\/p>\n\n\n\n<p>&#8211; La premi\u00e8re s\u00e9ance dure 60-90 minutes et se compose principalement d&rsquo;un entretien pour une compr\u00e9hension pr\u00e9cise de votre objectif.<\/p>\n\n\n\n<p>&#8211; Les s\u00e9ances suivantes durent environ 50 minutes. Elles sont consacr\u00e9es \u00e0 atteindre cet objectif \u00e0 l\u2019aide des diff\u00e9rentes techniques d\u2019hypnose et parfois de coaching.<\/p>\n\n\n\n<h4 class=\"wp-block-heading\"><strong>Combien de s\u00e9ances sont n\u00e9cessaires&nbsp;?&nbsp;<\/strong><\/h4>\n\n\n\n<p>L\u2019hypnoth\u00e9rapie est un traitement de courte dur\u00e9e avec des avantages \u00e0 long terme construit autour d&rsquo;un individu. Sur ce principe, il est impossible de dire combien de s\u00e9ances une personne aura besoin, m\u00eame en comparaison \u00e0 une autre personne avec un probl\u00e8me similaire.<\/p>\n\n\n\n<h4 class=\"wp-block-heading\"><strong>Qui devez vous choisir comme Praticien ?<\/strong><\/h4>\n\n\n\n<p>Comme avec n&rsquo;importe quel professionnel, choisissez votre hypnoth\u00e9rapeute en fonction de \u00ab\u00a0vos\u00a0\u00bb crit\u00e8res et prenez le temps d&rsquo;un \u00e9change t\u00e9l\u00e9phonique.&nbsp;<\/p>\n\n\n\n<p>L&rsquo;hypnose n&rsquo;est pas r\u00e9glement\u00e9e. Il est donc important de v\u00e9rifier la formation du praticien et son appartenance \u00e0 une organisation professionnelle.<\/p>\n\n\n\n<h4 class=\"wp-block-heading\"><strong>L&rsquo;hypnose peut elle vraiment m&rsquo;aider ?<\/strong><\/h4>\n\n\n\n<p>Le succ\u00e8s de l&rsquo;hypnose d\u00e9pend de plusieurs facteurs. Il y aura un succ\u00e8s si une personne est engag\u00e9e dans son changement, a des objectifs pr\u00e9cis, et confiance en la comp\u00e9tence du praticien.<\/p>\n\n\n\n<p>Derri\u00e8re chaque th\u00e9rapeute se cache un \u00eatre humain avec une vision de la vie et une philosophie. Mon but est que vous sortiez de chez moi \u00ab\u00a0<em>transe-form\u00e9<\/em>\u00a0\u00bb et je fais ce qu\u2019il faut pour cela. C\u2019est pourquoi mon chemin m\u2019a conduit vers l\u2019hypnose humaniste car je ne veux pas endormir les gens, je veux les \u00e9veiller \u00e0 une plus grande conscience afin qu\u2019ils puissent reprendre leur route avec une perception \u00a0\u00bb&nbsp;<em>extra-ordinaire<\/em>&nbsp;\u00ab\u00a0<\/p>\n\n\n\n<p>Il y a beaucoup d\u2019outils pour aller mieux, et autant de praticiens qualifi\u00e9s pour vous y aider. Il suffit juste de trouver la symbiose qui vous permettra de le faire avec son concours. <\/p>\n\n\n\n<p>Vous sentez-vous inspir\u00e9 ? Tr\u00e8s bien, parce que l&rsquo;hypnoth\u00e9rapie vous offre la possibilit\u00e9 de changer votre vie pour le mieux.<br><\/p>\n","protected":false},"excerpt":{"rendered":"<p>L&rsquo;hypnoth\u00e9rapie puise dans la capacit\u00e9 de l&rsquo;esprit humain \u00e0 changer et grandir gr\u00e2ce \u00e0 l&rsquo;apprentissage. Au cours de l&rsquo;hypnoth\u00e9rapie vous \u00eates guid\u00e9 vers un \u00e9tat de conscience augment\u00e9e. Comment \u00e7a se passe ? Chacun vient \u00e0 l\u2019hypnose avec toutes sortes de questions. Ce que l&rsquo;hypnoth\u00e9rapeute cherche avant tout \u00e0 faire est de comprendre la personne &hellip; <\/p>\n<p class=\"link-more\"><a href=\"https:\/\/fj2h.fr\/wordpress\/comment-ca-marche\/\" class=\"more-link\">Continuer la lecture<span class=\"screen-reader-text\"> de &laquo;&nbsp;Comment \u00e7a marche ?&nbsp;&raquo;<\/span><\/a><\/p>\n","protected":false},"author":1,"featured_media":0,"parent":0,"menu_order":0,"comment_status":"closed","ping_status":"closed","template":"","meta":{"footnotes":""},"class_list":["post-72","page","type-page","status-publish","hentry"],"_links":{"self":[{"href":"https:\/\/fj2h.fr\/wordpress\/wp-json\/wp\/v2\/pages\/72","targetHints":{"allow":["GET"]}}],"collection":[{"href":"https:\/\/fj2h.fr\/wordpress\/wp-json\/wp\/v2\/pages"}],"about":[{"href":"https:\/\/fj2h.fr\/wordpress\/wp-json\/wp\/v2\/types\/page"}],"author":[{"embeddable":true,"href":"https:\/\/fj2h.fr\/wordpress\/wp-json\/wp\/v2\/users\/1"}],"replies":[{"embeddable":true,"href":"https:\/\/fj2h.fr\/wordpress\/wp-json\/wp\/v2\/comments?post=72"}],"version-history":[{"count":10,"href":"https:\/\/fj2h.fr\/wordpress\/wp-json\/wp\/v2\/pages\/72\/revisions"}],"predecessor-version":[{"id":155,"href":"https:\/\/fj2h.fr\/wordpress\/wp-json\/wp\/v2\/pages\/72\/revisions\/155"}],"wp:attachment":[{"href":"https:\/\/fj2h.fr\/wordpress\/wp-json\/wp\/v2\/media?parent=72"}],"curies":[{"name":"wp","href":"https:\/\/api.w.org\/{rel}","templated":true}]}}