{"id":85,"date":"2019-01-29T01:52:26","date_gmt":"2019-01-29T00:52:26","guid":{"rendered":"http:\/\/fj2h.fr\/wordpress\/?page_id=85"},"modified":"2025-05-01T11:03:06","modified_gmt":"2025-05-01T09:03:06","slug":"qui-suis-je","status":"publish","type":"page","link":"https:\/\/fj2h.fr\/wordpress\/qui-suis-je\/","title":{"rendered":"Qui suis-je ?"},"content":{"rendered":"\r\n<figure class=\"wp-block-gallery alignleft columns-1 is-cropped wp-block-gallery-1 is-layout-flex wp-block-gallery-is-layout-flex\">\r\n<figure><img loading=\"lazy\" decoding=\"async\" class=\"wp-image-328 alignright\" src=\"https:\/\/fj2h.fr\/wordpress\/wp-content\/uploads\/2022\/10\/FLOSITE-683x1024.jpg\" alt=\"\" width=\"289\" height=\"433\" data-id=\"328\" srcset=\"https:\/\/fj2h.fr\/wordpress\/wp-content\/uploads\/2022\/10\/FLOSITE-683x1024.jpg 683w, https:\/\/fj2h.fr\/wordpress\/wp-content\/uploads\/2022\/10\/FLOSITE-200x300.jpg 200w, https:\/\/fj2h.fr\/wordpress\/wp-content\/uploads\/2022\/10\/FLOSITE-768x1152.jpg 768w, https:\/\/fj2h.fr\/wordpress\/wp-content\/uploads\/2022\/10\/FLOSITE-1024x1536.jpg 1024w, https:\/\/fj2h.fr\/wordpress\/wp-content\/uploads\/2022\/10\/FLOSITE-1366x2048.jpg 1366w, https:\/\/fj2h.fr\/wordpress\/wp-content\/uploads\/2022\/10\/FLOSITE-scaled.jpg 1707w\" sizes=\"auto, (max-width: 289px) 100vw, 289px\" \/>\r\n<figcaption class=\"blocks-gallery-item__caption\"><\/figcaption>\r\n<\/figure>\r\n<\/figure>\r\n\r\n\r\n\r\n<p style=\"text-align: left;\"><strong>R\u00e9v\u00e9ler votre Lumi\u00e8re, <\/strong><strong>Votre Histoire, Votre Essence, <\/strong><\/p>\r\n<p style=\"text-align: left;\">Tout a commenc\u00e9 par cette sensation profonde que l\u2019humain est un tr\u00e9sor brut, parfois enfoui sous les doutes, les peurs, les croyances limitantes. Mais toujours l\u00e0, pr\u00eat \u00e0 \u00e9clore.<\/p>\r\n<p style=\"text-align: left;\">Je m&rsquo;appelle <strong>Florence JOYEUX<\/strong> et ce qui m\u2019anime, c\u2019est vous. <strong>Votre parcours, votre \u00eatre, vos aspirations.<\/strong> Ce qui me touche, c\u2019est cette \u00e9tincelle unique que vous portez en vous, m\u00eame si elle semble parfois vaciller.<\/p>\r\n<p>Je ne suis pas l\u00e0 pour vous changer. Je suis l\u00e0 pour vous aider \u00e0 vous r\u00e9v\u00e9ler. Comme un diamant pr\u00eat \u00e0 laisser appara\u00eetre toute sa clart\u00e9, toute sa beaut\u00e9. Parce qu\u2019en r\u00e9alit\u00e9, tout est d\u00e9j\u00e0 l\u00e0.<\/p>\r\n<p><strong>\u00a0Mon Approche : Comprendre, Clarifier, R\u00e9v\u00e9ler<\/strong><\/p>\r\n<p>Mon r\u00f4le ? <strong>Vous entendre profond\u00e9ment, vous comprendre sinc\u00e8rement.<\/strong> Miroir qui vous renvoie votre propre v\u00e9rit\u00e9, m\u00eame lorsque vous avez oubli\u00e9 de la regarder. Clarifier ce qui est confus, \u00e9clairer ce qui est en vous mais qui attend d&rsquo;\u00eatre r\u00e9v\u00e9l\u00e9.<\/p>\r\n<p>Chaque rencontre est une opportunit\u00e9 de vous reconnecter \u00e0 votre essence, de poser des bases solides pour avancer avec clart\u00e9 et confiance. C\u2019est un accompagnement progressif, un cheminement r\u00e9fl\u00e9chi qui respecte votre rythme et vos aspirations.<\/p>\r\n<p><strong>Mon Parcours : Une \u00c9vidence<\/strong><\/p>\r\n<p>Mon parcours de vie m\u2019a conduit jusqu\u2019ici. Chaque rencontre, chaque \u00e9preuve, chaque d\u00e9couverte m\u2019a appris \u00e0 d\u00e9celer cette lumi\u00e8re particuli\u00e8re qui appartient \u00e0 chacun. Une \u00e9vidence qui m\u2019a pouss\u00e9 \u00e0 accompagner, guider, r\u00e9v\u00e9ler.<\/p>\r\n<p>J&rsquo;ai toujours eu une grande empathie et une immense curiosit\u00e9 pour tout ce qui constituait le fonctionnement de l\u2019humain. J&rsquo;ai pass\u00e9 beaucoup d\u2019heures \u00e0 explorer ces grandes questions :<\/p>\r\n<p>\r\n\r\n<\/p>\r\n<p><em>Qu&rsquo;est-ce qui fait de nous ce que nous sommes ? Comment nos esprits fonctionnent ? Pouvons- nous \u00e9voluer et \u00eatre mieux qu&rsquo;auparavant ? Qu&rsquo;est-ce que la conscience ? Et peut-\u00eatre plus important encore, pouvons-nous devenir plus ouvert, plus grand, plus connect\u00e9 ? <\/em><\/p>\r\n<p>\r\n\r\n<\/p>\r\n<p>Et ce sont ces questions qui m&rsquo;ont amen\u00e9e vers l\u2019hypnose.<\/p>\r\n<p>Avec le temps, j\u2019ai d\u00e9velopp\u00e9 une m\u00e9thode qui allie \u00e9coute profonde, clarification des intentions, et structuration coh\u00e9rente.<\/p>\r\n<p>L\u2019Hypnose Humaniste et les autres m\u00e9thodes que je mets \u00e0 votre disposition sont des outils extr\u00eamement puissants et efficaces pour la croissance personnelle.<\/p>\r\n<p><strong>Votre Transformation<\/strong><\/p>\r\n<p><strong>Vous avez un projet ?\u00a0 Une vision \u00e0 concr\u00e9tiser ? Ou tout simplement votre projet, c\u2019est Vous !<\/strong><\/p>\r\n<p>Je suis l\u00e0 pour vous aider \u00e0 poser chaque brique, une par une. \u00c0 clarifier vos intentions, \u00e0 \u00e9clairer votre vision, \u00e0 b\u00e2tir un socle solide.<\/p>\r\n<p>Ensemble, nous dessinons votre chemin. Avec sens, avec coh\u00e9rence, avec authenticit\u00e9. Parce que votre histoire m\u00e9rite d\u2019\u00eatre racont\u00e9e avec clart\u00e9 et profondeur. Parce que rien n\u2019a \u00e9t\u00e9 au hasard. Parce que lorsqu\u2019on comprend ce qu\u2019on a rencontr\u00e9, tout fait sens. Et ce qui a du sens, donne la direction.<\/p>\r\n<p><strong>\u00a0Pr\u00eat pour une rencontre ?<\/strong><\/p>\r\n<p>L\u2019accompagnement que je propose est un v\u00e9ritable partenariat pour vous aider \u00e0 exprimer ce qui vous rend unique. Nous avan\u00e7ons ensemble, \u00e9tape par \u00e9tape, avec puissance et authenticit\u00e9.<\/p>\r\n<p>Prenons le temps d\u2019en parler. Vous \u00eates pr\u00eat.e ?<\/p>\r\n<h4><strong>Ma Formation :<\/strong><\/h4>\r\n\r\n\r\n\r\n<div class=\"wp-block-image\">\r\n<figure class=\"alignright size-large is-resized\"><a href=\"https:\/\/www.ifhe.net\"><img loading=\"lazy\" decoding=\"async\" class=\"wp-image-286\" src=\"https:\/\/fj2h.fr\/wordpress\/wp-content\/uploads\/2021\/05\/IFHE-logo_400x400.jpg\" alt=\"\" width=\"100\" height=\"100\" srcset=\"https:\/\/fj2h.fr\/wordpress\/wp-content\/uploads\/2021\/05\/IFHE-logo_400x400.jpg 400w, https:\/\/fj2h.fr\/wordpress\/wp-content\/uploads\/2021\/05\/IFHE-logo_400x400-300x300.jpg 300w, https:\/\/fj2h.fr\/wordpress\/wp-content\/uploads\/2021\/05\/IFHE-logo_400x400-150x150.jpg 150w, https:\/\/fj2h.fr\/wordpress\/wp-content\/uploads\/2021\/05\/IFHE-logo_400x400-100x100.jpg 100w\" sizes=\"auto, (max-width: 100px) 100vw, 100px\" \/><\/a><\/figure>\r\n<\/div>\r\n\r\n\r\n\r\n<p>Maitre Praticien en Hypnose Humaniste<br \/>Praticien en T.S.A. (Th\u00e9rapie Symbolique Avanc\u00e9e)<br \/>Technicien en PNL\u00a0<\/p>\r\n\r\n\r\n\r\n<p>*Diplom\u00e9e\u00a0:\u00a0<em>IFHE (Institut Fran\u00e7ais Hypnose Humaniste &amp; Ericksonienne &#8211; Paris) &#8211;\u00a0<a href=\"https:\/\/ifhe-formations.com\/\">https:\/\/www.hypnose-humaniste.com\/annuaire\/<\/a><\/em><\/p>\r\n\r\n\r\n\r\n<p>Praticienne en Bilans de Comp\u00e9tences<\/p>\r\n\r\n\r\n\r\n<p><strong>Outils de connaissance additionnels \u00e0 ma pratique d&rsquo;hypnose :<\/strong><br \/>D\u00e9codage biologique des maladies<br \/>Num\u00e9rologie Karmique<br \/>Langue des oiseaux<br \/>Symboles \/ G\u00e9om\u00e9trie sacr\u00e9e \/ Cosmologie<\/p>\r\n<p><img loading=\"lazy\" decoding=\"async\" class=\"alignnone wp-image-407 size-medium\" src=\"https:\/\/fj2h.fr\/wordpress\/wp-content\/uploads\/2024\/12\/1684568443-snh-horizontal-logo-rgb-fullcolor-1200-300x90.jpeg\" alt=\"\" width=\"300\" height=\"90\" srcset=\"https:\/\/fj2h.fr\/wordpress\/wp-content\/uploads\/2024\/12\/1684568443-snh-horizontal-logo-rgb-fullcolor-1200-300x90.jpeg 300w, https:\/\/fj2h.fr\/wordpress\/wp-content\/uploads\/2024\/12\/1684568443-snh-horizontal-logo-rgb-fullcolor-1200-1024x306.jpeg 1024w, https:\/\/fj2h.fr\/wordpress\/wp-content\/uploads\/2024\/12\/1684568443-snh-horizontal-logo-rgb-fullcolor-1200-768x230.jpeg 768w, https:\/\/fj2h.fr\/wordpress\/wp-content\/uploads\/2024\/12\/1684568443-snh-horizontal-logo-rgb-fullcolor-1200.jpeg 1200w\" sizes=\"auto, (max-width: 300px) 100vw, 300px\" \/><\/p>\r\n<p>&nbsp;<\/p>\r\n","protected":false},"excerpt":{"rendered":"<p>R\u00e9v\u00e9ler votre Lumi\u00e8re, Votre Histoire, Votre Essence, Tout a commenc\u00e9 par cette sensation profonde que l\u2019humain est un tr\u00e9sor brut, parfois enfoui sous les doutes, les peurs, les croyances limitantes. Mais toujours l\u00e0, pr\u00eat \u00e0 \u00e9clore. Je m&rsquo;appelle Florence JOYEUX et ce qui m\u2019anime, c\u2019est vous. Votre parcours, votre \u00eatre, vos aspirations. Ce qui me &hellip; <\/p>\n<p class=\"link-more\"><a href=\"https:\/\/fj2h.fr\/wordpress\/qui-suis-je\/\" class=\"more-link\">Continuer la lecture<span class=\"screen-reader-text\"> de &laquo;&nbsp;Qui suis-je ?&nbsp;&raquo;<\/span><\/a><\/p>\n","protected":false},"author":1,"featured_media":0,"parent":0,"menu_order":0,"comment_status":"closed","ping_status":"closed","template":"","meta":{"footnotes":""},"class_list":["post-85","page","type-page","status-publish","hentry"],"_links":{"self":[{"href":"https:\/\/fj2h.fr\/wordpress\/wp-json\/wp\/v2\/pages\/85","targetHints":{"allow":["GET"]}}],"collection":[{"href":"https:\/\/fj2h.fr\/wordpress\/wp-json\/wp\/v2\/pages"}],"about":[{"href":"https:\/\/fj2h.fr\/wordpress\/wp-json\/wp\/v2\/types\/page"}],"author":[{"embeddable":true,"href":"https:\/\/fj2h.fr\/wordpress\/wp-json\/wp\/v2\/users\/1"}],"replies":[{"embeddable":true,"href":"https:\/\/fj2h.fr\/wordpress\/wp-json\/wp\/v2\/comments?post=85"}],"version-history":[{"count":24,"href":"https:\/\/fj2h.fr\/wordpress\/wp-json\/wp\/v2\/pages\/85\/revisions"}],"predecessor-version":[{"id":472,"href":"https:\/\/fj2h.fr\/wordpress\/wp-json\/wp\/v2\/pages\/85\/revisions\/472"}],"wp:attachment":[{"href":"https:\/\/fj2h.fr\/wordpress\/wp-json\/wp\/v2\/media?parent=85"}],"curies":[{"name":"wp","href":"https:\/\/api.w.org\/{rel}","templated":true}]}}