{"id":88,"date":"2019-01-29T01:53:15","date_gmt":"2019-01-29T00:53:15","guid":{"rendered":"http:\/\/fj2h.fr\/wordpress\/?page_id=88"},"modified":"2025-04-05T15:40:34","modified_gmt":"2025-04-05T13:40:34","slug":"liens-utiles","status":"publish","type":"page","link":"https:\/\/fj2h.fr\/wordpress\/liens-utiles\/","title":{"rendered":"Programme Vibre Actions"},"content":{"rendered":"\r\n<p><strong>Constat\u00a0:<\/strong><\/p>\r\n\r\n\r\n\r\n<p>L\u2019\u00e9tat d\u2019\u00eatre ne peut se concevoir qu\u2019\u00e0 travers un \u00e9quilibre parfait entre tous ses composants\u00a0: physiques, psychiques, spirituels et environnementaux afin de cr\u00e9er une harmonie globale.<\/p>\r\n\r\n\r\n\r\n<p>En terme d\u2019\u00e9volution, l\u2019humain est un acteur important mais pas unique de son d\u00e9veloppement. S\u2019il est responsable de sa sant\u00e9, de ses \u00e9motions, de ses comportements et de ses choix, il n\u2019est pas pourtant pas \u00ab\u00a0libre\u00a0\u00bb car il a v\u00e9cu depuis sa conception dans un cadre matriciel qui a pr\u00e9-d\u00e9termin\u00e9 ses m\u00e9canismes d\u2019interactions avec ce qui l\u2019entoure.<\/p>\r\n\r\n\r\n\r\n<p>Il a alors pris une fonction dans ce syst\u00e8me. Cette fonction devant \u00eatre maintenue co\u00fbte que co\u00fbte pour p\u00e9renniser l\u2019ensemble du processus.<\/p>\r\n\r\n\r\n\r\n<p>Des injonctions inconscientes et limitantes ont alors \u00e9t\u00e9 cr\u00e9\u00e9es qui emp\u00eachent la personne d\u2019aller vers ce qui lui tient \u00e0 c\u0153ur.<\/p>\r\n\r\n\r\n\r\n<p>Ce syst\u00e8me matriciel structure notre vie. C\u2019est un champ limit\u00e9 d\u00e9terminant un mode op\u00e9ratoire qui nous maintient dans un sch\u00e9ma r\u00e9p\u00e9titif.<\/p>\r\n\r\n\r\n\r\n<p>Ce syst\u00e8me se nourrit et se renouvelle par l&rsquo;ensemble des exp\u00e9riences que nous y menons et limite ainsi notre capacit\u00e9 \u00e0 appr\u00e9hender des exp\u00e9riences hors du champ de formatage. Le libre arbitre est illusoire dans ce syst\u00e8me.<\/p>\r\n\r\n\r\n\r\n<p><strong>Travail sur le syst\u00e8me matriciel\u00a0:<\/strong><\/p>\r\n\r\n\r\n\r\n<p>Lors de ces s\u00e9ances, je vous accompagne dans la d\u00e9couverte de ce principe afin de vous amener progressivement \u00e0 comprendre ce qui a bloqu\u00e9 votre expansion et sem\u00e9 votre parcours de \u00ab\u00a0blocages\u00a0\u00bb tant int\u00e9rieurs, qu\u2019ext\u00e9rieurs car tout est li\u00e9.<\/p>\r\n\r\n\r\n\r\n<p>Rapidement vous allez prendre conscience que plusieurs parties de vous interagissaient pour vous garder dans cet espace clos. Lib\u00e9r\u00e9 de ce carcan, vous gagnerez votre libre arbitre pour agir de mani\u00e8re lucide et fluide et poser rapidement des actions structurantes dans votre vie.<\/p>\r\n\r\n\r\n\r\n<p>J\u2019ai la certitude que notre sant\u00e9 et notre bien \u00eatre ne peuvent \u00eatre compris qu&rsquo;\u00e0 travers une vision globale de l&rsquo;humain. Il ne peut y avoir de d\u00e9marche th\u00e9rapeutique efficace sans une compr\u00e9hension profonde des m\u00e9canismes et messages subtils interagissant entre eux.<\/p>\r\n\r\n\r\n\r\n<p>Inspir\u00e9e par une vision et une connaissance holistique, une exp\u00e9rience personnelle, je vous guide vers un changement de paradigme profond visant \u00e0 vous redonner votre vrai libre arbitre.<\/p>\r\n\r\n\r\n\r\n<p><strong>Pr\u00e9requis\u00a0:<\/strong><\/p>\r\n\r\n\r\n\r\n<p>Avoir fait la s\u00e9ance sur l\u2019identit\u00e9 (cf programme joint).<\/p>\r\n\r\n\r\n\r\n<p><strong>D\u00e9roul\u00e9 du Programme\u00a0 :<\/strong><\/p>\r\n<p style=\"text-align: center;\">\r\n\r\n<\/p>\r\n<p style=\"text-align: center;\">\r\n\r\n<\/p>\r\n<p style=\"text-align: center;\">\r\n\r\n<\/p>\r\n<p><strong><a href=\"https:\/\/fj2h.fr\/wordpress\/wp-content\/uploads\/2025\/04\/PROGRAMME-VIBRE-ACTIONS.pdf\">PROGRAMME VIBRE ACTIONS<\/a><\/strong><\/p>\r\n<p style=\"text-align: center;\">\r\n\r\n<\/p>\r\n<p>&nbsp;<\/p>\r\n<ul class=\"wp-block-list\">\r\n<li><strong>Bonus\u00a0 :<\/strong><\/li>\r\n<\/ul>\r\n<p style=\"text-align: center;\">\r\n\r\n<\/p>\r\n<div class=\"wp-block-media-text alignwide\" style=\"grid-template-columns: 52% auto;\">\r\n<figure class=\"wp-block-media-text__media\"><img loading=\"lazy\" decoding=\"async\" width=\"1024\" height=\"682\" class=\"wp-image-257\" src=\"https:\/\/fj2h.fr\/wordpress\/wp-content\/uploads\/2020\/09\/orgones-1024x682.jpg\" alt=\"\" srcset=\"https:\/\/fj2h.fr\/wordpress\/wp-content\/uploads\/2020\/09\/orgones-1024x682.jpg 1024w, https:\/\/fj2h.fr\/wordpress\/wp-content\/uploads\/2020\/09\/orgones-300x200.jpg 300w, https:\/\/fj2h.fr\/wordpress\/wp-content\/uploads\/2020\/09\/orgones-768x512.jpg 768w, https:\/\/fj2h.fr\/wordpress\/wp-content\/uploads\/2020\/09\/orgones.jpg 1600w\" sizes=\"auto, (max-width: 767px) 89vw, (max-width: 1000px) 54vw, (max-width: 1071px) 543px, 580px\" \/><\/figure>\r\n<div class=\"wp-block-media-text__content\">\r\n<ul class=\"wp-block-list\">\r\n<li>Utilisation d&rsquo;orgone, un compagnon vibratoire.<\/li>\r\n<\/ul>\r\n<\/div>\r\n<\/div>\r\n<p style=\"text-align: center;\">\r\n\r\n<\/p>\r\n<hr style=\"display: block; margin-before: 0.5em; margin-after: 0.5em; margin-start: auto; margin-end: auto; overflow: hidden; border: 2px solid #2AA035; background-color: #2aa035;\" \/>\r\n<p style=\"text-align: center;\">Mon accompagnement, c\u2019est une co-construction.<\/p>\r\n<p style=\"text-align: center;\">Un espace o\u00f9 l\u2019on prend le temps de comprendre, de ressentir, de b\u00e2tir quelque chose de solide. Pas \u00e0 pas.<br \/>\r\n\r\n<\/p>\r\n<hr style=\"display: block; margin-before: 0.5em; margin-after: 0.5em; margin-start: auto; margin-end: auto; overflow: hidden; border: 2px solid #2AA035; background-color: #2aa035;\" \/>\r\n<p style=\"text-align: center;\"><\/p>","protected":false},"excerpt":{"rendered":"<p>Constat\u00a0: L\u2019\u00e9tat d\u2019\u00eatre ne peut se concevoir qu\u2019\u00e0 travers un \u00e9quilibre parfait entre tous ses composants\u00a0: physiques, psychiques, spirituels et environnementaux afin de cr\u00e9er une harmonie globale. En terme d\u2019\u00e9volution, l\u2019humain est un acteur important mais pas unique de son d\u00e9veloppement. S\u2019il est responsable de sa sant\u00e9, de ses \u00e9motions, de ses comportements et de &hellip; <\/p>\n<p class=\"link-more\"><a href=\"https:\/\/fj2h.fr\/wordpress\/liens-utiles\/\" class=\"more-link\">Continuer la lecture<span class=\"screen-reader-text\"> de &laquo;&nbsp;Programme Vibre Actions&nbsp;&raquo;<\/span><\/a><\/p>\n","protected":false},"author":1,"featured_media":0,"parent":0,"menu_order":0,"comment_status":"closed","ping_status":"closed","template":"","meta":{"footnotes":""},"class_list":["post-88","page","type-page","status-publish","hentry"],"_links":{"self":[{"href":"https:\/\/fj2h.fr\/wordpress\/wp-json\/wp\/v2\/pages\/88","targetHints":{"allow":["GET"]}}],"collection":[{"href":"https:\/\/fj2h.fr\/wordpress\/wp-json\/wp\/v2\/pages"}],"about":[{"href":"https:\/\/fj2h.fr\/wordpress\/wp-json\/wp\/v2\/types\/page"}],"author":[{"embeddable":true,"href":"https:\/\/fj2h.fr\/wordpress\/wp-json\/wp\/v2\/users\/1"}],"replies":[{"embeddable":true,"href":"https:\/\/fj2h.fr\/wordpress\/wp-json\/wp\/v2\/comments?post=88"}],"version-history":[{"count":38,"href":"https:\/\/fj2h.fr\/wordpress\/wp-json\/wp\/v2\/pages\/88\/revisions"}],"predecessor-version":[{"id":445,"href":"https:\/\/fj2h.fr\/wordpress\/wp-json\/wp\/v2\/pages\/88\/revisions\/445"}],"wp:attachment":[{"href":"https:\/\/fj2h.fr\/wordpress\/wp-json\/wp\/v2\/media?parent=88"}],"curies":[{"name":"wp","href":"https:\/\/api.w.org\/{rel}","templated":true}]}}